{"id":3071,"date":"2020-12-03T08:31:10","date_gmt":"2020-12-03T08:31:10","guid":{"rendered":"https:\/\/trethietke.com\/grand-opening\/"},"modified":"2025-06-05T01:49:56","modified_gmt":"2025-06-05T01:49:56","slug":"khai-mac","status":"publish","type":"page","link":"https:\/\/trethietke.com\/vi\/khai-mac\/","title":{"rendered":"Khai m\u1ea1c"},"content":{"rendered":"<div class=\"wpb-content-wrapper\"><p>[vc_row container_wrap=&#8221;yes&#8221; full_width=&#8221;stretch_row&#8221; content_placement=&#8221;middle&#8221; css=&#8221;.vc_custom_1605948436261{background-position: center !important;background-repeat: no-repeat !important;background-size: cover !important;}&#8221; el_class=&#8221;about_us grand_open&#8221;][vc_column][vc_column_text el_class=&#8221;promotion_text_slide_head&#8221;]<\/p>\n<div class=\"et_pb_text_inner\">\n<h1>Thi\u1ebft b\u1ecb khai tr\u01b0\u01a1ng<br \/>\nCho thu\u00ea<\/h1>\n<p>B\u00f3ng bay qu\u1ea3ng c\u00e1o khai tr\u01b0\u01a1ng, c\u1edd khai tr\u01b0\u01a1ng, b\u0103ng r\u00f4n khai tr\u01b0\u01a1ng, &#8230;<\/p>\n<\/div>\n<p>[\/vc_column_text][\/vc_column][\/vc_row][vc_row container_wrap=&#8221;yes&#8221; full_width=&#8221;stretch_row&#8221; el_class=&#8221;content_red promotion-products&#8221; css=&#8221;.vc_custom_1606377322270{margin-bottom: 5% !important;padding-top: 5% !important;}&#8221;][vc_column width=&#8221;1\/3&#8243;][vc_column_text]<\/p>\n<h2 style=\"font-size: 21px;\">Bong b\u00f3ng Qu\u1ea3ng c\u00e1o Khai tr\u01b0\u01a1ng, C\u1edd v\u00e0 Bi\u1ec3u ng\u1eef Khai tr\u01b0\u01a1ng<\/h2>\n<p>[\/vc_column_text][\/vc_column][vc_column width=&#8221;2\/3&#8243;][vc_column_text el_class=&#8221;content promotion_blog&#8221;]H\u00e3y \u0111\u1ec3 ch\u00fang t\u00f4i cung c\u1ea5p bong b\u00f3ng qu\u1ea3ng c\u00e1o khai tr\u01b0\u01a1ng, c\u1edd khai tr\u01b0\u01a1ng, b\u0103ng r\u00f4n \u0111\u1ec3 b\u1ea1n kinh doanh th\u00e0nh c\u00f4ng[\/vc_column_text][\/vc_column][\/vc_row][vc_row container_wrap=&#8221;yes&#8221; full_width=&#8221;stretch_row_content_no_spaces&#8221; equal_height=&#8221;yes&#8221; content_placement=&#8221;middle&#8221;][vc_column width=&#8221;1\/5&#8243;][vc_single_image image=&#8221;3082&#8243; img_size=&#8221;270&#215;240&#8243; alignment=&#8221;center&#8221;][\/vc_column][vc_column width=&#8221;1\/5&#8243;][vc_single_image image=&#8221;3076&#8243; img_size=&#8221;270&#215;240&#8243; alignment=&#8221;center&#8221;][\/vc_column][vc_column width=&#8221;1\/5&#8243;][vc_single_image image=&#8221;3078&#8243; img_size=&#8221;270&#215;240&#8243; alignment=&#8221;center&#8221;][\/vc_column][vc_column width=&#8221;1\/5&#8243;][vc_single_image image=&#8221;3080&#8243; img_size=&#8221;270&#215;240&#8243; alignment=&#8221;center&#8221;][\/vc_column][vc_column width=&#8221;1\/5&#8243;][vc_single_image image=&#8221;3074&#8243; img_size=&#8221;270&#215;240&#8243; alignment=&#8221;center&#8221;][\/vc_column][\/vc_row][vc_row container_wrap=&#8221;yes&#8221; full_width=&#8221;stretch_row&#8221; el_class=&#8221;grand_text design_blog&#8221;][vc_column][vc_column_text css=&#8221;&#8221; el_class=&#8221;design_page_blog&#8221;]Xin ch\u00fac m\u1eebng! B\u1ea1n \u0111\u00e3 s\u1eb5n s\u00e0ng \u0111\u1ec3 ch\u00ednh th\u1ee9c t\u1ed5 ch\u1ee9c l\u1ec5 khai tr\u01b0\u01a1ng doanh nghi\u1ec7p c\u1ee7a m\u00ecnh! \u0110\u00e2y l\u00e0 b\u01b0\u1edbc kh\u1edfi \u0111\u1ea7u c\u1ee7a m\u1ed9t cu\u1ed9c phi\u00eau l\u01b0u m\u1edbi v\u00e0 \u0111\u1ec3 b\u1eaft k\u1ecbp th\u1eddi \u0111\u1ea1i m\u1edbi n\u00e0y, b\u1ea1n n\u00ean qu\u1ea3ng c\u00e1o xa v\u00e0 r\u1ed9ng v\u00e0 x\u00e2y d\u1ef1ng c\u01a1 s\u1edf kh\u00e1ch h\u00e0ng l\u1edbn ngay l\u1eadp t\u1ee9c. M\u1ed9t trong nh\u1eefng c\u00e1ch t\u1ed1t nh\u1ea5t \u0111\u1ec3 l\u00e0m \u0111i\u1ec1u n\u00e0y l\u00e0 t\u1ed5 ch\u1ee9c s\u1ef1 ki\u1ec7n khai tr\u01b0\u01a1ng, v\u00e0 s\u1ef1 th\u00e0nh c\u00f4ng c\u1ee7a m\u1ed9t bu\u1ed5i khai tr\u01b0\u01a1ng ph\u1ee5 thu\u1ed9c v\u00e0o ph\u1ea9m ch\u1ea5t c\u1ee7a qu\u1ea3ng c\u00e1o.<\/p>\n<p>Bullseye Promotion cung c\u1ea5p nhi\u1ec1u lo\u1ea1i qu\u1ea3ng c\u00e1o c\u00f3 th\u1ec3 th\u1ed5i ph\u1ed3ng, c\u1edd v\u00e0 bi\u1ec3u ng\u1eef cho d\u1ecbp khai tr\u01b0\u01a1ng. N\u1ebfu b\u1ea1n mu\u1ed1n bu\u1ed5i khai tr\u01b0\u01a1ng doanh nghi\u1ec7p c\u1ee7a m\u00ecnh \u1edf Dallas, TX, ho\u1eb7c Fort Worth, TX th\u00e0nh c\u00f4ng, h\u00e3y \u0111\u1ec3 ch\u00fang t\u00f4i cung c\u1ea5p cho b\u1ea1n t\u1ea5t c\u1ea3 c\u00e1c t\u00e0i li\u1ec7u qu\u1ea3ng c\u00e1o. Ch\u00fang t\u00f4i c\u00f3 kinh nghi\u1ec7m v\u00e0 s\u1ea3n ph\u1ea9m \u0111\u1ec3 mang \u0111\u1ebfn cho b\u1ea1n m\u1ed9t bu\u1ed5i l\u1ec5 khai tr\u01b0\u01a1ng th\u00e0nh c\u00f4ng m\u00e0 b\u1ea1n x\u1ee9ng \u0111\u00e1ng c\u00f3 \u0111\u01b0\u1ee3c.<\/p>\n<h2>B\u00f3ng bay Qu\u1ea3ng c\u00e1o Khai tr\u01b0\u01a1ng<\/h2>\n<p>Nh\u1eefng qu\u1ea3 b\u00f3ng bay b\u01a1m h\u01a1i kh\u1ed5ng l\u1ed3 c\u1ee7a ch\u00fang t\u00f4i thu h\u00fat m\u1ecdi \u00e1nh nh\u00ecn t\u1eeb kh\u1eafp n\u01a1i trong th\u00e0nh ph\u1ed1. Nh\u1eefng qu\u1ea3 b\u00f3ng bay ph\u1ed5 bi\u1ebfn nh\u1ea5t c\u1ee7a ch\u00fang t\u00f4i tr\u00f4ng gi\u1ed1ng nh\u01b0 nh\u1eefng qu\u1ea3 khinh kh\u00ed c\u1ea7u th\u1ef1c t\u1ebf, mang \u0111\u1ebfn cho doanh nghi\u1ec7p c\u1ee7a b\u1ea1n m\u1ed9t b\u1ea7u kh\u00f4ng kh\u00ed ho\u1ea1t \u0111\u1ed9ng s\u00f4i n\u1ed5i. C\u00e1c l\u1ef1a ch\u1ecdn kh\u00e1c bao g\u1ed3m kh\u1ec9 kh\u1ed5ng l\u1ed3, th\u1ebb \u0111\u1ecf, t\u00fai ti\u1ec1n, t\u01b0\u1ee3ng v\u00e0 c\u00e1c v\u1eadt th\u1ed5i ph\u1ed3ng theo m\u00f9a nh\u01b0 \u00d4ng gi\u00e0 Noel v\u00e0 Ch\u00fa Sam.<\/p>\n<h2>C\u1edd v\u00e0 bi\u1ec3u ng\u1eef khai tr\u01b0\u01a1ng<\/h2>\n<p>C\u1edd l\u00e0 m\u1ed9t c\u00e1ch tuy\u1ec7t v\u1eddi \u0111\u1ec3 thu h\u00fat s\u1ef1 ch\u00fa \u00fd c\u1ee7a kh\u00e1ch h\u00e0ng ti\u1ec1m n\u0103ng. Khi nh\u1eefng l\u00e1 c\u1edd v\u1eaby trong gi\u00f3, ch\u00fang nh\u1ea5p nh\u00e1y m\u00e0u s\u1eafc v\u00e0 kh\u1ea9u hi\u1ec7u cho nh\u1eefng ng\u01b0\u1eddi qua \u0111\u01b0\u1eddng, ch\u1ec9 cho h\u1ecd n\u01a1i h\u1ecd n\u00ean \u0111\u1ebfn \u0111\u1ec3 t\u00ecm doanh nghi\u1ec7p c\u1ee7a b\u1ea1n. V\u1edbi \u0111\u1ee7 c\u00e1c l\u00e1 c\u1edd, b\u1ea1n c\u00f3 th\u1ec3 reo r\u1eafc doanh nghi\u1ec7p c\u1ee7a m\u00ecnh b\u1eb1ng qu\u1ea3ng c\u00e1o thu h\u00fat s\u1ef1 ch\u00fa \u00fd. M\u1ed9t bi\u1ec3u ng\u1eef l\u1edbn tr\u1ea3i d\u00e0i tr\u00ean c\u00e1c b\u1ee9c t\u01b0\u1eddng c\u1ee7a b\u1ea1n s\u1ebd th\u00f4ng b\u00e1o cho kh\u00e1ch h\u00e0ng chi ti\u1ebft v\u1ec1 s\u1ef1 ki\u1ec7n khai tr\u01b0\u01a1ng v\u00e0 doanh nghi\u1ec7p c\u1ee7a b\u1ea1n.<\/p>\n<h2>Kh\u00e1ch thu\u00ea v\u00e0 \u0110\u00e1m m\u00e2y Khai tr\u01b0\u01a1ng<\/h2>\n<p>M\u1ed7i s\u1ef1 ki\u1ec7n l\u1edbn \u0111\u1ec1u c\u1ea7n s\u1ef1 tinh t\u1ebf v\u1ec1 m\u1eb7t h\u00ecnh \u1ea3nh. Vi\u1ec7c thu h\u00fat ng\u01b0\u1eddi thu\u00ea theo doanh nghi\u1ec7p c\u1ee7a b\u1ea1n s\u1ebd cho m\u1ecdi ng\u01b0\u1eddi bi\u1ebft r\u1eb1ng b\u00e2y gi\u1edd l\u00e0 th\u1eddi \u0111i\u1ec3m \u0111\u1ec3 t\u1ed5 ch\u1ee9c l\u1ec5 h\u1ed9i. Nh\u1eefng ng\u01b0\u1eddi ph\u00e1 \u0111\u00e1m m\u00e2y v\u01b0\u01a1n xa v\u00e0 r\u1ed9ng, cho nh\u1eefng ng\u01b0\u1eddi \u1edf xa doanh nghi\u1ec7p c\u1ee7a b\u1ea1n bi\u1ebft r\u1eb1ng c\u00f3 \u0111i\u1ec1u g\u00ec \u0111\u00f3 th\u00fa v\u1ecb \u0111ang x\u1ea3y ra g\u1ea7n \u0111\u00f3. Ai c\u00f3 th\u1ec3 ch\u1ed1ng l\u1ea1i s\u1ef1 h\u1ea5p d\u1eabn?[\/vc_column_text][\/vc_column][\/vc_row][vc_row container_wrap=&#8221;yes&#8221; full_width=&#8221;stretch_row_content&#8221; el_class=&#8221;content_red serving_north&#8221;][vc_column width=&#8221;1\/2&#8243; el_class=&#8221;serving_img&#8221;][vc_single_image image=&#8221;2853&#8243; img_size=&#8221;full&#8221; onclick=&#8221;link_image&#8221; css_animation=&#8221;fadeInRight&#8221;][\/vc_column][vc_column width=&#8221;1\/2&#8243;][vc_column_text el_class=&#8221;serving_text&#8221;]<div class=\"display-posts-listing\"><div class=\"listing-item\"><span class=\"title\">Ph\u1ee5c v\u1ee5 B\u1eafc Texas v\u00e0 Kh\u00e1ch H\u00e0ng To\u00e0n Qu\u1ed1c<\/span><div class=\"content\"><p>TR\u1eba THI\u1ebeT K\u1ebe l\u00e0 m\u1ed9t chi nh\u00e1nh d\u1ecbch v\u1ee5 thu\u1ed9c tu\u1ea7n B\u00e1o Tr\u1ebb, tr\u1ee5 s\u1edf ch\u00ednh \u0111\u1eb7t t\u1ea1i Garland, Texas. Ch\u00fang t\u00f4i kh\u00f4ng ch\u1ec9 ph\u1ee5c v\u1ee5 khu v\u1ef1c B\u1eafc Texas m\u00e0 c\u00f2n r\u1ed9ng kh\u1eafp tr\u00ean to\u00e0n n\u01b0\u1edbc M\u1ef9.<\/p>\n<\/div><\/div><\/div>[\/vc_column_text][\/vc_column][\/vc_row][vc_row container_wrap=&#8221;yes&#8221; full_width=&#8221;stretch_row&#8221; el_class=&#8221;content_white completion&#8221;][vc_column][vc_row_inner el_class=&#8221;completion_inner&#8221;][vc_column_inner width=&#8221;1\/2&#8243;][vc_column_text el_class=&#8221;completion_text&#8221;]<div class=\"display-posts-listing\"><div class=\"listing-item\"><span class=\"title\">T\u1eeb khi h\u00ecnh th\u00e0nh \u0111\u1ebfn khi ho\u00e0n th\u00e0nh<\/span><div class=\"content\">\n<p>TR\u1eba THI\u1ebeT K\u1ebe l\u00e0 \u0111\u1ed9i ng\u0169 c\u00e1c nh\u00e0 thi\u1ebft k\u1ebf v\u00e0 ngh\u1ec7 nh\u00e2n \u0111a l\u0129nh v\u1ef1c ( c\u00f3 th\u1ec3 gi\u00fap qu\u00fd v\u1ecb th\u1ef1c hi\u1ec7n d\u1ef1 \u00e1n t\u1eeb khi h\u00ecnh th\u00e0nh \u0111\u1ebfn khi ho\u00e0n th\u00e0nh v\u1edbi h\u00e0ng ch\u1ee5c n\u0103m kinh nghi\u1ec7m trong thi\u1ebft k\u1ebf h\u00ecnh \u1ea3nh, s\u1ea3n xu\u1ea5t v\u00e0 in \u1ea5n).<\/p>\n<\/div><\/div><\/div>[\/vc_column_text][\/vc_column_inner][vc_column_inner width=&#8221;1\/2&#8243;][vc_single_image image=&#8221;2851&#8243; img_size=&#8221;large&#8221; css_animation=&#8221;fadeInLeft&#8221; el_class=&#8221;completion_img&#8221;][\/vc_column_inner][\/vc_row_inner][\/vc_column][\/vc_row][vc_row container_wrap=&#8221;yes&#8221; full_width=&#8221;stretch_row_content_no_spaces&#8221; el_class=&#8221;heading_white&#8221;][vc_column][vc_column_text][\/vc_column_text][\/vc_column][\/vc_row][vc_row container_wrap=&#8221;yes&#8221; full_width=&#8221;stretch_row_content_no_spaces&#8221; css=&#8221;.vc_custom_1603956938237{background-color: #ed1c24 !important;}&#8221; el_class=&#8221;content_white your_visual&#8221;][vc_column width=&#8221;1\/2&#8243;][vc_single_image image=&#8221;2819&#8243; img_size=&#8221;full&#8221; onclick=&#8221;link_image&#8221;][\/vc_column][vc_column width=&#8221;1\/2&#8243;][vc_column_text css=&#8221;.vc_custom_1603956570186{padding-top: 10% !important;padding-right: 10% !important;padding-left: 10% !important;}&#8221;]<div class=\"display-posts-listing\"><div class=\"listing-item\"><span class=\"title\">B\u1ea1n \u0111\u1ed3ng h\u00e0nh trong l\u0129nh v\u1ef1c truy\u1ec1n th\u00f4ng th\u1ecb gi\u00e1c c\u1ee7a qu\u00fd v\u1ecb.<\/span><div class=\"content\"><p>TR\u1eba THI\u1ebeT K\u1ebe Ch\u00fang t\u00f4i l\u00e0 b\u1ea1n \u0111\u1ed3ng h\u00e0nh trong l\u0129nh v\u1ef1c truy\u1ec1n th\u00f4ng th\u1ecb gi\u00e1c c\u1ee7a qu\u00fd v\u1ecb. Ch\u00fang t\u00f4i s\u00e1ng t\u1ea1o, thi\u1ebft k\u1ebf, x\u00e2y d\u1ef1ng v\u00e0 l\u1eafp \u0111\u1eb7t c\u00e1c gi\u1ea3i ph\u00e1p truy\u1ec1n th\u00f4ng v\u00e0 ti\u1ebfp th\u1ecb th\u1ecb gi\u00e1c \u0111\u1ed9c \u0111\u00e1o, c\u00f3 s\u1ee9c t\u00e1c \u0111\u1ed9ng m\u1ea1nh m\u1ebd, gi\u00fap x\u00e2y d\u1ef1ng th\u01b0\u01a1ng hi\u1ec7u v\u00e0 l\u00e0m cho qu\u00fd v\u1ecb n\u1ed5i b\u1eadt.<\/p>\n<\/div><\/div><\/div>[\/vc_column_text][\/vc_column][\/vc_row][vc_row container_wrap=&#8221;yes&#8221; full_width=&#8221;stretch_row_content_no_spaces&#8221; el_class=&#8221;clients content_red text-center&#8221;][vc_column][vc_column_text el_class=&#8221;customers_blog&#8221;]<div class=\"display-posts-listing\"><div class=\"listing-item\"><div class=\"content\">\n<h2 class=\"wp-block-heading\">Kh\u00e1ch h\u00e0ng ch\u00fang t\u00f4i \u0111\u00e3 l\u00e0m vi\u1ec7c<\/h2>\n<\/div><\/div><\/div>[\/vc_column_text][\/vc_column][\/vc_row][vc_row container_wrap=&#8221;yes&#8221; full_width=&#8221;stretch_row_content&#8221; gap=&#8221;35&#8243;][vc_column width=&#8221;1\/5&#8243; el_class=&#8221;img_col_1&#8243;][vc_single_image image=&#8221;2817&#8243; img_size=&#8221;medium&#8221; alignment=&#8221;center&#8221;][vc_single_image image=&#8221;2837&#8243; img_size=&#8221;medium&#8221; alignment=&#8221;center&#8221;][vc_single_image image=&#8221;2811&#8243; img_size=&#8221;medium&#8221; alignment=&#8221;center&#8221;][\/vc_column][vc_column width=&#8221;1\/5&#8243; el_class=&#8221;img_col_2&#8243;][vc_single_image image=&#8221;2815&#8243; img_size=&#8221;medium&#8221; alignment=&#8221;center&#8221;][vc_single_image image=&#8221;2835&#8243; img_size=&#8221;medium&#8221; alignment=&#8221;center&#8221;][\/vc_column][vc_column width=&#8221;1\/5&#8243; el_class=&#8221;img_col_3&#8243;][vc_single_image image=&#8221;2813&#8243; img_size=&#8221;medium&#8221; alignment=&#8221;center&#8221;][vc_single_image image=&#8221;2833&#8243; img_size=&#8221;medium&#8221; alignment=&#8221;center&#8221;][vc_single_image image=&#8221;2809&#8243; img_size=&#8221;medium&#8221; alignment=&#8221;center&#8221;][\/vc_column][vc_column width=&#8221;1\/5&#8243;][vc_single_image image=&#8221;2843&#8243; img_size=&#8221;medium&#8221; alignment=&#8221;center&#8221;][vc_single_image image=&#8221;2831&#8243; img_size=&#8221;medium&#8221; alignment=&#8221;center&#8221;][vc_single_image image=&#8221;2807&#8243; img_size=&#8221;medium&#8221; alignment=&#8221;center&#8221;][\/vc_column][vc_column width=&#8221;1\/5&#8243;][vc_single_image image=&#8221;2841&#8243; img_size=&#8221;medium&#8221; alignment=&#8221;center&#8221;][vc_single_image image=&#8221;2821&#8243; alignment=&#8221;center&#8221;][\/vc_column][\/vc_row][vc_row container_wrap=&#8221;yes&#8221; full_width=&#8221;stretch_row_content_no_spaces&#8221; content_placement=&#8221;middle&#8221; el_class=&#8221;customers content_red&#8221; css=&#8221;.vc_custom_1604038764280{background-color: #f9f9f9 !important;}&#8221;][vc_column][vc_column_text el_class=&#8221;customers_blog&#8221;]<div class=\"display-posts-listing\"><div class=\"listing-item\"><div class=\"content\"><div class=\"wpb-content-wrapper\"><p>[vc_row][vc_column][laborator_heading title=&#8221;Kh\u00e1ch h\u00e0ng c\u1ee7a ch\u00fang t\u00f4i n\u00f3i g\u00ec&#8221; text_align=&#8221;center&#8221;][\/vc_column][\/vc_row][vc_row container_wrap=&#8221;yes&#8221; full_width=&#8221;stretch_row_content_no_spaces&#8221; css=&#8221;.vc_custom_1605257432819{margin-top: 30% !important;background-color: #dd0000 !important;}&#8221; el_class=&#8221;customers_padding&#8221;][vc_column width=&#8221;1\/4&#8243;][vc_single_image image=&#8221;1839&#8243; img_size=&#8221;200&#215;200&#8243; alignment=&#8221;center&#8221; style=&#8221;vc_box_circle_2&#8243;][vc_column_text css=&#8221;.vc_custom_1744620868095{padding-right: 30% !important;}&#8221;]<\/p>\n<div class=\"et_pb_text_inner\">\n<div class=\"et_pb_text_inner\">\n<h3><span style=\"color: #ff9900;\"> \u2605\u2605\u2605\u2605\u2605 <\/span><\/h3>\n<p>C\u1ea3m \u01a1n qu\u00fd v\u1ecb! Nh\u1eefng thi\u1ebft k\u1ebf th\u1eadt s\u1ef1 tuy\u1ec7t v\u1eddi! Ch\u00fang t\u00f4i l\u00e0 m\u1ed9t doanh nghi\u1ec7p m\u1edbi (A&amp;O Auto Care) v\u00e0 qu\u00fd v\u1ecb \u0111\u00e3 h\u1ee3p t\u00e1c v\u1edbi ch\u00fang t\u00f4i trong m\u1ed9t s\u1ed1 d\u1ef1 \u00e1n. Ch\u00fang t\u00f4i r\u1ea5t h\u00e0i l\u00f2ng v\u1edbi logo v\u00e0 b\u1ea3ng hi\u1ec7u m\u00e0 qu\u00fd v\u1ecb \u0111\u00e3 t\u1ea1o ra! C\u1ea3m \u01a1n t\u1ea5t c\u1ea3 qu\u00fd v\u1ecb v\u00ec c\u00f4ng vi\u1ec7c xu\u1ea5t s\u1eafc. Ch\u00fang t\u00f4i s\u1ebd s\u1edbm li\u00ean l\u1ea1c l\u1ea1i \u0111\u1ec3 th\u1ef1c hi\u1ec7n th\u00eam m\u1ed9t s\u1ed1 c\u00f4ng vi\u1ec7c n\u1eefa!<\/p>\n<p><strong>-A&amp;O Auto Care<\/strong><br \/>\nPottsboro, TX<\/p>\n<\/div>\n<\/div>\n<p>[\/vc_column_text][\/vc_column][vc_column width=&#8221;1\/4&#8243;][vc_single_image image=&#8221;1838&#8243; img_size=&#8221;200&#215;200&#8243; alignment=&#8221;center&#8221; style=&#8221;vc_box_circle_2&#8243; css=&#8221;.vc_custom_1604032281915{margin-top: -5% !important;}&#8221;][vc_column_text css=&#8221;.vc_custom_1744605293140{padding-right: 30% !important;}&#8221;]<\/p>\n<div class=\"et_pb_text_inner\">\n<h3><span style=\"color: #ff9900;\"> \u2605\u2605\u2605\u2605\u2605 <\/span><\/h3>\n<p>T\u00f4i xin g\u1eedi l\u1eddi C\u1ea2M \u01a0N CH\u00c2N TH\u00c0NH \u0111\u1ebfn TR\u1eba THI\u1ebeT K\u1ebe!!!!! H\u1ecd \u0111\u00e3 v\u01b0\u1ee3t qua m\u1ecdi k\u1ef3 v\u1ecdng c\u1ee7a ch\u00fang t\u00f4i khi l\u00e0m b\u1ea3ng hi\u1ec7u, \u0111\u01b0a ra \u0111\u1ec1 xu\u1ea5t tuy\u1ec7t v\u1eddi l\u00e0 s\u01a1n t\u01b0\u1eddng ngo\u00e0i m\u00e0u \u0111en, v\u00e0 th\u1eadm c\u00f2n \u0111\u1eb7t h\u00e0ng m\u1ed9t s\u1ed1 ph\u1ee5 ki\u1ec7n cho ch\u00fang t\u00f4i! T\u1ea5t c\u1ea3 nh\u1eefng \u0111i\u1ec1u n\u00e0y, v\u1edbi GI\u00c1 C\u1ea2 T\u1ed0T NH\u1ea4T!<\/p>\n<p><strong> -Alisha Rosenthal <\/strong><br \/>\nSpa 31, Sherman, TX<\/p>\n<\/div>\n<p>[\/vc_column_text][\/vc_column][vc_column width=&#8221;1\/4&#8243;][vc_single_image image=&#8221;1836&#8243; img_size=&#8221;200&#215;200&#8243; alignment=&#8221;center&#8221; style=&#8221;vc_box_circle_2&#8243; css=&#8221;.vc_custom_1604032292206{margin-top: -10% !important;}&#8221;][vc_column_text css=&#8221;.vc_custom_1745553686173{padding-right: 30% !important;}&#8221;]<\/p>\n<div class=\"et_pb_text_inner\">\n<h3><span style=\"color: #ff9900;\"> \u2605\u2605\u2605\u2605\u2605 <\/span><\/h3>\n<p>Ch\u00fang t\u00f4i \u0111\u00e3 \u0111\u1eb7t l\u00e0m h\u01a1n 25 b\u1ea3ng hi\u1ec7u cho c\u00e1c t\u00e0i s\u1ea3n c\u1ee7a m\u00ecnh v\u00e0 c\u00f4ng vi\u1ec7c \u0111\u01b0\u1ee3c ho\u00e0n th\u00e0nh \u0111\u00fang th\u1eddi gian v\u1edbi s\u1ef1 theo d\u00f5i tuy\u1ec7t v\u1eddi, v\u00e0 c\u00e1c b\u1ea3ng hi\u1ec7u th\u1eadt s\u1ef1 r\u1ea5t \u0111\u1eb9p! H\u1ecd c\u0169ng thi\u1ebft k\u1ebf c\u00e1c \u00e1p ph\u00edch v\u00e0 tuy\u00ean b\u1ed1 gi\u00e1 tr\u1ecb cho c\u00e1c v\u0103n ph\u00f2ng c\u1ee7a ch\u00fang t\u00f4i. C\u00e1c thi\u1ebft k\u1ebf r\u1ea5t tinh t\u1ebf v\u00e0 chuy\u00ean nghi\u1ec7p, t\u00f4i kh\u00f4ng th\u1ec3 \u1ea5n t\u01b0\u1ee3ng h\u01a1n v\u1edbi c\u00f4ng ty b\u1ea3ng hi\u1ec7u n\u00e0y. T\u1eeb gi\u1edd tr\u1edf \u0111i, h\u1ecd s\u1ebd l\u00e0 l\u1ef1a ch\u1ecdn h\u00e0ng \u0111\u1ea7u c\u1ee7a t\u00f4i cho c\u00e1c b\u1ea3ng hi\u1ec7u v\u00e0 thi\u1ebft k\u1ebf.<br \/>\n<strong> Allison Reider <\/strong><br \/>\nTexoma Housing Partners, Bonham, TX<\/p>\n<\/div>\n<p>[\/vc_column_text][\/vc_column][vc_column width=&#8221;1\/4&#8243;][vc_single_image image=&#8221;2928&#8243; img_size=&#8221;200&#215;200&#8243; alignment=&#8221;center&#8221; style=&#8221;vc_box_circle_2&#8243; css=&#8221;.vc_custom_1604032313089{margin-top: -15% !important;}&#8221;][vc_column_text css=&#8221;.vc_custom_1744620820535{padding-right: 30% !important;}&#8221;]<\/p>\n<div class=\"et_pb_text_inner\">\n<h3><span style=\"color: #ff9900;\"> \u2605\u2605\u2605\u2605\u2605 <\/span><\/h3>\n<p>T\u00f4i c\u00f3 m\u1ed9t d\u1ef1 \u00e1n l\u1edbn, \u01b0u ti\u00ean cao m\u00e0 TR\u1eba THI\u1ebeT K\u1ebe \u0111\u00e3 gi\u00fap t\u00f4i th\u1ef1c hi\u1ec7n. D\u00f9 y\u00eau c\u1ea7u r\u1ea5t ph\u1ee9c t\u1ea1p v\u00e0 th\u1eddi gian g\u1ea5p r\u00fat, anh Tr\u1ea7n v\u00e0 \u0111\u1ed9i ng\u0169 \u0111\u00e3 ho\u00e0n th\u00e0nh xu\u1ea5t s\u1eafc c\u00f4ng vi\u1ec7c, th\u1ea5u hi\u1ec3u y\u00eau c\u1ea7u c\u1ee7a t\u00f4i, \u0111\u01b0a ra nh\u1eefng \u00fd t\u01b0\u1edfng m\u1edbi m\u1ebb v\u00e0 ho\u00e0n th\u00e0nh v\u1edbi ph\u1ea9m ch\u1ea5t v\u01b0\u1ee3t ngo\u00e0i mong \u0111\u1ee3i. T\u00f4i r\u1ea5t khuy\u1ebfn kh\u00edch qu\u00fd v\u1ecb ch\u1ecdn TR\u1eba THI\u1ebeT K\u1ebe cho d\u1ef1 \u00e1n b\u1ea3ng hi\u1ec7u ti\u1ebfp theo c\u1ee7a m\u00ecnh.<br \/>\n<strong> Chris Ritchie <\/strong><br \/>\nTh\u1ea9m m\u1ef9 Kim c\u01b0\u01a1ng &amp; Cao \u0111\u1eb3ng c\u1eaft t\u00f3c<br \/>\nSherman, Texas<\/p>\n<\/div>\n<p>[\/vc_column_text][\/vc_column][\/vc_row]<\/p>\n<\/div><\/div><\/div><\/div>[\/vc_column_text][vc_column_text el_class=&#8221;customers_blog&#8221;]<div class=\"display-posts-listing\"><div class=\"listing-item\"><div class=\"content\"><div class=\"wpb-content-wrapper\"><p>[vc_row el_class=&#8221;btn_google&#8221;][vc_column width=&#8221;1\/3&#8243;][vc_btn title=&#8221;\u0110\u00e1nh gi\u00e1 tr\u00ean Google&#8221; style=&#8221;custom&#8221; custom_background=&#8221;#1454A3&#8243; custom_text=&#8221;#ffffff&#8221; shape=&#8221;square&#8221; align=&#8221;center&#8221; css=&#8221;&#8221; link=&#8221;url:%23|&#8221;][\/vc_column][vc_column width=&#8221;1\/3&#8243;][vc_btn title=&#8221;\u0110\u1ecdc th\u00eam Google Reviews&#8221; style=&#8221;custom&#8221; custom_background=&#8221;#1454A3&#8243; custom_text=&#8221;#ffffff&#8221; shape=&#8221;square&#8221; align=&#8221;center&#8221; css=&#8221;&#8221; link=&#8221;url:%23|&#8221;][\/vc_column][vc_column width=&#8221;1\/3&#8243;][vc_btn title=&#8221;Kh\u00e1ch h\u00e0ng c\u1ee7a ch\u00fang t\u00f4i n\u00f3i g\u00ec&#8221; style=&#8221;custom&#8221; custom_background=&#8221;#1454A3&#8243; custom_text=&#8221;#ffffff&#8221; shape=&#8221;square&#8221; align=&#8221;center&#8221; css=&#8221;&#8221; link=&#8221;url:%23|&#8221;][\/vc_column][\/vc_row]<\/p>\n<\/div><\/div><\/div><\/div>[\/vc_column_text][\/vc_column][\/vc_row][vc_row full_width=&#8221;stretch_row_content_no_spaces&#8221; css=&#8221;.vc_custom_1604972689948{padding-top: 10% !important;padding-bottom: 10% !important;}&#8221; el_class=&#8221;background_contact&#8221;][vc_column][vc_column_text][\/vc_column_text][\/vc_column][\/vc_row]<\/p>\n<\/div>","protected":false},"excerpt":{"rendered":"<p>[vc_row container_wrap=&#8221;yes&#8221; full_width=&#8221;stretch_row&#8221; content_placement=&#8221;middle&#8221; css=&#8221;.vc_custom_1605948436261{background-position: center !important;background-repeat: no-repeat !important;background-size: cover !important;}&#8221; el_class=&#8221;about_us grand_open&#8221;][vc_column][vc_column_text el_class=&#8221;promotion_text_slide_head&#8221;] Thi\u1ebft b\u1ecb khai tr\u01b0\u01a1ng Cho thu\u00ea B\u00f3ng bay qu\u1ea3ng c\u00e1o khai tr\u01b0\u01a1ng, c\u1edd khai tr\u01b0\u01a1ng, b\u0103ng r\u00f4n khai tr\u01b0\u01a1ng, &#8230; [\/vc_column_text][\/vc_column][\/vc_row][vc_row container_wrap=&#8221;yes&#8221; full_width=&#8221;stretch_row&#8221; el_class=&#8221;content_red promotion-products&#8221; css=&#8221;.vc_custom_1606377322270{margin-bottom: 5% !important;padding-top: 5% !important;}&#8221;][vc_column width=&#8221;1\/3&#8243;][vc_column_text] Bong b\u00f3ng Qu\u1ea3ng c\u00e1o Khai tr\u01b0\u01a1ng, C\u1edd v\u00e0 Bi\u1ec3u ng\u1eef Khai tr\u01b0\u01a1ng [\/vc_column_text][\/vc_column][vc_column width=&#8221;2\/3&#8243;][vc_column_text el_class=&#8221;content promotion_blog&#8221;]H\u00e3y \u0111\u1ec3 ch\u00fang t\u00f4i cung c\u1ea5p bong b\u00f3ng qu\u1ea3ng c\u00e1o khai tr\u01b0\u01a1ng, c\u1edd khai tr\u01b0\u01a1ng,&hellip;<\/p>\n","protected":false},"author":1,"featured_media":0,"parent":0,"menu_order":0,"comment_status":"closed","ping_status":"closed","template":"","meta":{"footnotes":""},"class_list":["post-3071","page","type-page","status-publish","hentry"],"_links":{"self":[{"href":"https:\/\/trethietke.com\/vi\/wp-json\/wp\/v2\/pages\/3071","targetHints":{"allow":["GET"]}}],"collection":[{"href":"https:\/\/trethietke.com\/vi\/wp-json\/wp\/v2\/pages"}],"about":[{"href":"https:\/\/trethietke.com\/vi\/wp-json\/wp\/v2\/types\/page"}],"author":[{"embeddable":true,"href":"https:\/\/trethietke.com\/vi\/wp-json\/wp\/v2\/users\/1"}],"replies":[{"embeddable":true,"href":"https:\/\/trethietke.com\/vi\/wp-json\/wp\/v2\/comments?post=3071"}],"version-history":[{"count":0,"href":"https:\/\/trethietke.com\/vi\/wp-json\/wp\/v2\/pages\/3071\/revisions"}],"wp:attachment":[{"href":"https:\/\/trethietke.com\/vi\/wp-json\/wp\/v2\/media?parent=3071"}],"curies":[{"name":"wp","href":"https:\/\/api.w.org\/{rel}","templated":true}]}}