{"id":4200,"date":"2025-04-06T02:45:47","date_gmt":"2025-04-06T02:45:47","guid":{"rendered":"https:\/\/trethietke.com\/?post_type=product&#038;p=4200"},"modified":"2025-04-25T03:46:49","modified_gmt":"2025-04-25T03:46:49","slug":"in-poster","status":"publish","type":"product","link":"https:\/\/trethietke.com\/vi\/product\/in-poster\/","title":{"rendered":"In Poster"},"content":{"rendered":"<div class=\"wpb-content-wrapper\"><p>[vc_row][vc_column width=&#8221;2\/3&#8243;][vc_column_text css=&#8221;&#8221;]B\u1ea3n in \u00e1p ph\u00edch ph\u1ea9m ch\u1ea5t cao t\u1ea1o n\u00ean tuy\u00ean b\u1ed1.<br \/>\nCho d\u00f9 b\u1ea1n mu\u1ed1n gi\u1edbi thi\u1ec7u s\u1ea3n ph\u1ea9m, qu\u1ea3ng b\u00e1 doanh nghi\u1ec7p hay t\u1ea1o ra m\u1ed9t t\u00e1c ph\u1ea9m ngh\u1ec7 thu\u1eadt c\u00e1 nh\u00e2n, b\u1ea3n in \u00e1p ph\u00edch t\u00f9y ch\u1ec9nh c\u1ee7a ch\u00fang t\u00f4i s\u1ebd kh\u00f4ng l\u00e0m b\u1ea1n th\u1ea5t v\u1ecdng.<\/p>\n<p>FedEx Office cung c\u1ea5p d\u1ecbch v\u1ee5 in \u00e1p ph\u00edch t\u00f9y ch\u1ec9nh ch\u1ec9 b\u1eb1ng c\u00e1ch t\u1ea3i t\u1ec7p c\u1ee7a b\u1ea1n l\u00ean ho\u1eb7c ch\u1ecdn t\u1eeb c\u00e1c m\u1eabu thi\u1ebft k\u1ebf c\u1ee7a ch\u00fang t\u00f4i. C\u00f3 s\u1eb5n n\u0103m k\u00edch th\u01b0\u1edbc \u00e1p ph\u00edch ti\u1ec7n l\u1ee3i: 16&#8243; x 20&#8243;, 18&#8243; x 24&#8243;, 22&#8243; x 28&#8243;, 24&#8243; x 36&#8243; v\u00e0 36&#8243; x 48&#8243;, b\u1ea1n c\u00f3 th\u1ec3 t\u00ecm th\u1ea5y k\u00edch th\u01b0\u1edbc l\u00fd t\u01b0\u1edfng ph\u00f9 h\u1ee3p v\u1edbi nhu c\u1ea7u c\u1ee7a m\u00ecnh.<\/p>\n<p>\u00c1p ph\u00edch c\u1ee7a ch\u00fang t\u00f4i \u0111\u01b0\u1ee3c in tr\u00ean gi\u1ea5y d\u00e0y v\u00e0 c\u00f3 l\u1edbp ho\u00e0n thi\u1ec7n m\u1edd tinh t\u1ebf \u0111\u1ec3 c\u00f3 b\u1ec1 m\u1eb7t kh\u00f4ng ph\u1ea3n chi\u1ebfu, d\u1ec5 \u0111\u1ecdc t\u1eeb m\u1ecdi g\u00f3c \u0111\u1ed9 ho\u1eb7c l\u1edbp ho\u00e0n thi\u1ec7n b\u00f3ng \u0111\u1ec3 c\u00f3 v\u1ebb ngo\u00e0i r\u1ef1c r\u1ee1, s\u00e1ng b\u00f3ng gi\u00fap t\u0103ng c\u01b0\u1eddng m\u00e0u s\u1eafc v\u00e0 chi ti\u1ebft. G\u1eafn ch\u00fang tr\u00ean m\u1ed9t t\u1ea5m v\u00e1n gatorboard c\u1ee9ng ho\u1eb7c b\u1ea3ng x\u1ed1p \u0111\u1ec3 tr\u01b0ng b\u00e0y tr\u00ean gi\u00e1 \u0111\u1ee1 gi\u00e1 v\u1ebd. V\u00e0 v\u1edbi c\u00e1c t\u00f9y ch\u1ecdn c\u00e1n m\u00e0ng b\u00f3ng, m\u1edd, c\u00f3 h\u1ecda ti\u1ebft v\u00e0 x\u00f3a kh\u00f4 c\u1ee7a ch\u00fang t\u00f4i, b\u1ea1n c\u00f3 th\u1ec3 t\u0103ng th\u00eam \u0111\u1ed9 b\u1ec1n v\u00e0 tu\u1ed5i th\u1ecd cho b\u1ea3n in \u00e1p ph\u00edch c\u1ee7a m\u00ecnh.<\/p>\n<p>B\u1ea3n in \u00e1p ph\u00edch t\u00f9y ch\u1ec9nh l\u00fd t\u01b0\u1edfng cho c\u00e1c m\u00e0n h\u00ecnh b\u00e1n l\u1ebb trong nh\u00e0 ng\u1eafn h\u1ea1n, \u00e1p ph\u00edch th\u00f4ng tin ho\u1eb7c c\u00e1c d\u1ef1 \u00e1n tr\u01b0\u1eddng h\u1ecdc. H\u1ea7u h\u1ebft c\u00e1c \u0111\u01a1n h\u00e0ng \u0111\u1ec1u s\u1eb5n s\u00e0ng trong ng\u00e0y ho\u1eb7c trong v\u00f2ng 24 gi\u1edd v\u1edbi d\u1ecbch v\u1ee5 nh\u1eadn h\u00e0ng t\u1ea1i c\u1eeda h\u00e0ng t\u1ea1i V\u0103n ph\u00f2ng FedEx \u0111\u1ecba ph\u01b0\u01a1ng c\u1ee7a b\u1ea1n.[\/vc_column_text][\/vc_column][vc_column width=&#8221;1\/3&#8243;][\/vc_column][\/vc_row]<\/p>\n<\/div>","protected":false},"excerpt":{"rendered":"<p>B\u1ea3n in \u00e1p ph\u00edch t\u00f9y ch\u1ec9nh ho\u00e0n h\u1ea3o cho bi\u1ec3n b\u00e1o c\u1eeda s\u1ed5, tri\u1ec3n l\u00e3m th\u01b0\u01a1ng m\u1ea1i, h\u1ed9i th\u1ea3o, l\u1edbp h\u1ecdc, v.v. C\u00f3 n\u0103m k\u00edch c\u1ee1 v\u1edbi t\u00f9y ch\u1ecdn c\u00e1n m\u00e0ng v\u00e0 g\u1eafn, v\u00e0 t\u00f9y ch\u1ecdn gi\u1ea5y m\u1edd ho\u1eb7c b\u00f3ng.<\/p>\n","protected":false},"featured_media":4533,"template":"","meta":[],"product_brand":[],"product_cat":[83],"product_tag":[],"class_list":{"0":"post-4200","1":"product","2":"type-product","3":"status-publish","4":"has-post-thumbnail","6":"product_cat-bieu-ngu-bang-bao-va-ap-phich","8":"first","9":"instock","10":"shipping-taxable","11":"purchasable","12":"product-type-variable","13":"has-default-attributes"},"_links":{"self":[{"href":"https:\/\/trethietke.com\/vi\/wp-json\/wp\/v2\/product\/4200","targetHints":{"allow":["GET"]}}],"collection":[{"href":"https:\/\/trethietke.com\/vi\/wp-json\/wp\/v2\/product"}],"about":[{"href":"https:\/\/trethietke.com\/vi\/wp-json\/wp\/v2\/types\/product"}],"wp:featuredmedia":[{"embeddable":true,"href":"https:\/\/trethietke.com\/vi\/wp-json\/wp\/v2\/media\/4533"}],"wp:attachment":[{"href":"https:\/\/trethietke.com\/vi\/wp-json\/wp\/v2\/media?parent=4200"}],"wp:term":[{"taxonomy":"product_brand","embeddable":true,"href":"https:\/\/trethietke.com\/vi\/wp-json\/wp\/v2\/product_brand?post=4200"},{"taxonomy":"product_cat","embeddable":true,"href":"https:\/\/trethietke.com\/vi\/wp-json\/wp\/v2\/product_cat?post=4200"},{"taxonomy":"product_tag","embeddable":true,"href":"https:\/\/trethietke.com\/vi\/wp-json\/wp\/v2\/product_tag?post=4200"}],"curies":[{"name":"wp","href":"https:\/\/api.w.org\/{rel}","templated":true}]}}