{"id":4340,"date":"2025-04-06T03:06:12","date_gmt":"2025-04-06T03:06:12","guid":{"rendered":"https:\/\/trethietke.com\/?post_type=product&#038;p=4340"},"modified":"2025-04-25T03:45:11","modified_gmt":"2025-04-25T03:45:11","slug":"mounted-poster","status":"publish","type":"product","link":"https:\/\/trethietke.com\/vi\/product\/mounted-poster\/","title":{"rendered":"Mounted Poster"},"content":{"rendered":"<div class=\"wpb-content-wrapper\"><p>[vc_row][vc_column width=&#8221;2\/3&#8243;][vc_column_text css=&#8221;&#8221;]Poster g\u1eafn t\u01b0\u1eddng l\u00e0 l\u1ef1a ch\u1ecdn tuy\u1ec7t v\u1eddi cho b\u1ea3ng b\u00e1o trong nh\u00e0.<br \/>\nCho d\u00f9 b\u1ea1n c\u1ea7n gi\u1edbi thi\u1ec7u s\u1ea3n ph\u1ea9m m\u1edbi, qu\u1ea3ng b\u00e1 s\u1ef1 ki\u1ec7n s\u1eafp t\u1edbi hay cung c\u1ea5p th\u00f4ng tin cho kh\u00e1ch h\u00e0ng ti\u1ec1m n\u0103ng, poster g\u1eafn t\u01b0\u1eddng c\u1ee7a ch\u00fang t\u00f4i l\u00e0 c\u00e1ch tuy\u1ec7t v\u1eddi \u0111\u1ec3 thu h\u00fat s\u1ef1 ch\u00fa \u00fd c\u1ee7a h\u1ecd.<\/p>\n<p>FedEx Office cung c\u1ea5p d\u1ecbch v\u1ee5 in poster g\u1eafn t\u01b0\u1eddng ph\u1ea9m ch\u1ea5t \u1ea3nh tr\u00ean gi\u1ea5y m\u1edd g\u1eafn tr\u00ean t\u1ea5m x\u1ed1p tr\u1eafng nh\u1eb9, ch\u1eafc ch\u1eafn. D\u1ecbch v\u1ee5 in tr\u00ean t\u1ea5m x\u1ed1p g\u1eafn t\u01b0\u1eddng c\u1ee7a ch\u00fang t\u00f4i b\u1ea3o \u0111\u1ea3m \u0111\u1ed3 h\u1ecda v\u00e0 h\u00ecnh \u1ea3nh c\u1ee7a b\u1ea1n s\u1ed1ng \u0111\u1ed9ng v\u00e0 b\u1eaft m\u1eaft.<\/p>\n<p>B\u1ea1n c\u00f3 th\u1ec3 ch\u1ecdn c\u00e1n m\u00e0ng m\u1edd, b\u00f3ng, c\u00f3 h\u1ecda ti\u1ebft ho\u1eb7c x\u00f3a kh\u00f4 \u0111\u1ec3 mang \u0111\u1ebfn cho poster c\u1ee7a b\u1ea1n v\u1ebb ngo\u00e0i chuy\u00ean nghi\u1ec7p v\u00e0 b\u00f3ng b\u1ea9y. V\u1edbi b\u1ed1n k\u00edch th\u01b0\u1edbc c\u00f3 s\u1eb5n (18&#8243; x 24&#8243;, 22&#8243; x 28&#8243;, 24&#8243; x 36&#8243; v\u00e0 36&#8243; x 48&#8243;), b\u1ea1n c\u00f3 th\u1ec3 t\u00ecm th\u1ea5y k\u00edch th\u01b0\u1edbc ph\u00f9 h\u1ee3p ho\u00e0n h\u1ea3o v\u1edbi nhu c\u1ea7u c\u1ee7a m\u00ecnh. T\u1ea3i t\u1ec7p c\u1ee7a ri\u00eang b\u1ea1n l\u00ean ho\u1eb7c ch\u1ecdn t\u1eeb m\u1ed9t trong c\u00e1c m\u1eabu thi\u1ebft k\u1ebf c\u1ee7a ch\u00fang t\u00f4i.<\/p>\n<p>\u0110\u1ec3 thu\u1eadn ti\u1ec7n, b\u1ea1n c\u00f3 th\u1ec3 th\u00eam khoen v\u00e0o poster c\u1ee7a m\u00ecnh \u0111\u1ec3 c\u00f3 th\u00eam t\u00f9y ch\u1ecdn hi\u1ec3n th\u1ecb. Ch\u00fang nh\u1eb9, ch\u1ec9 \u0111\u01b0\u1ee3c thi\u1ebft k\u1ebf \u0111\u1ec3 s\u1eed d\u1ee5ng trong nh\u00e0 v\u00e0 c\u00f3 th\u1ec3 d\u1ec5 b\u1ecb m\u00f3p.<\/p>\n<p>Poster g\u1eafn t\u01b0\u1eddng c\u1ee7a ch\u00fang t\u00f4i cung c\u1ea5p gi\u1ea3i ph\u00e1p linh ho\u1ea1t cho nhu c\u1ea7u b\u1ea3ng b\u00e1o trong nh\u00e0 c\u1ee7a b\u1ea1n. V\u1eady c\u00f2n ch\u1ea7n ch\u1eeb g\u00ec n\u1eefa? H\u00e3y \u0111\u1eb7t h\u00e0ng ngay h\u00f4m nay v\u00e0 th\u1ec3 nghi\u1ec7m s\u1ef1 kh\u00e1c bi\u1ec7t v\u1ec1 ph\u1ea9m ch\u1ea5t v\u00e0 s\u1ef1 ti\u1ec7n l\u1ee3i![\/vc_column_text][\/vc_column][vc_column width=&#8221;1\/3&#8243;][\/vc_column][\/vc_row]<\/p>\n<\/div>","protected":false},"excerpt":{"rendered":"<p>\u00c1p ph\u00edch g\u1eafn t\u01b0\u1eddng l\u00fd t\u01b0\u1edfng cho b\u1ea3ng b\u00e1o ch\u1ec9 d\u1eabn, thuy\u1ebft tr\u00ecnh, b\u1ea3ng b\u00e1o b\u00e1n l\u1ebb v\u00e0 s\u1ef1 ki\u1ec7n tri\u1ec3n l\u00e3m th\u01b0\u01a1ng m\u1ea1i. C\u00f3 b\u1ed1n k\u00edch c\u1ee1, in tr\u00ean gi\u1ea5y m\u1edd v\u00e0 g\u1eafn tr\u00ean b\u1ea3ng x\u1ed1p tr\u1eafng ch\u1eafc ch\u1eafn.<\/p>\n","protected":false},"featured_media":4525,"template":"","meta":[],"product_brand":[],"product_cat":[83],"product_tag":[],"class_list":{"0":"post-4340","1":"product","2":"type-product","3":"status-publish","4":"has-post-thumbnail","6":"product_cat-bieu-ngu-bang-bao-va-ap-phich","8":"first","9":"instock","10":"shipping-taxable","11":"purchasable","12":"product-type-variable","13":"has-default-attributes"},"_links":{"self":[{"href":"https:\/\/trethietke.com\/vi\/wp-json\/wp\/v2\/product\/4340","targetHints":{"allow":["GET"]}}],"collection":[{"href":"https:\/\/trethietke.com\/vi\/wp-json\/wp\/v2\/product"}],"about":[{"href":"https:\/\/trethietke.com\/vi\/wp-json\/wp\/v2\/types\/product"}],"wp:featuredmedia":[{"embeddable":true,"href":"https:\/\/trethietke.com\/vi\/wp-json\/wp\/v2\/media\/4525"}],"wp:attachment":[{"href":"https:\/\/trethietke.com\/vi\/wp-json\/wp\/v2\/media?parent=4340"}],"wp:term":[{"taxonomy":"product_brand","embeddable":true,"href":"https:\/\/trethietke.com\/vi\/wp-json\/wp\/v2\/product_brand?post=4340"},{"taxonomy":"product_cat","embeddable":true,"href":"https:\/\/trethietke.com\/vi\/wp-json\/wp\/v2\/product_cat?post=4340"},{"taxonomy":"product_tag","embeddable":true,"href":"https:\/\/trethietke.com\/vi\/wp-json\/wp\/v2\/product_tag?post=4340"}],"curies":[{"name":"wp","href":"https:\/\/api.w.org\/{rel}","templated":true}]}}