{"id":4410,"date":"2025-04-06T03:22:14","date_gmt":"2025-04-06T03:22:14","guid":{"rendered":"https:\/\/trethietke.com\/?post_type=product&#038;p=4410"},"modified":"2025-04-25T03:44:54","modified_gmt":"2025-04-25T03:44:54","slug":"bang-bao-san","status":"publish","type":"product","link":"https:\/\/trethietke.com\/vi\/product\/bang-bao-san\/","title":{"rendered":"B\u1ea3ng b\u00e1o s\u00e2n"},"content":{"rendered":"<div class=\"wpb-content-wrapper\"><p>[vc_row][vc_column width=&#8221;2\/3&#8243;][vc_column_text css=&#8221;&#8221;]G\u00e2y ch\u00fa \u00fd v\u1edbi b\u1ea3ng b\u00e1o s\u00e2n t\u00f9y ch\u1ec9nh<br \/>\nV\u1edbi FedEx Office, b\u1ea3ng b\u00e1o s\u00e2n t\u00f9y ch\u1ec9nh c\u1ee7a ch\u00fang t\u00f4i ho\u00e0n h\u1ea3o \u0111\u1ec3 qu\u1ea3ng b\u00e1 doanh nghi\u1ec7p ho\u1eb7c chi\u1ebfn d\u1ecbch c\u1ee7a b\u1ea1n ho\u1eb7c cung c\u1ea5p h\u01b0\u1edbng d\u1eabn r\u00f5 r\u00e0ng. Nh\u1eefng b\u1ea3ng b\u00e1o n\u00e0y b\u1ec1n v\u00e0 b\u1eaft m\u1eaft v\u1edbi nhi\u1ec1u k\u00edch th\u01b0\u1edbc v\u00e0 t\u00f9y ch\u1ecdn in kh\u00e1c nhau.<\/p>\n<p>M\u1ed9t b\u1ea3ng b\u00e1o trung h\u1ea1n tuy\u1ec7t v\u1eddi \u0111\u1ec3 s\u1eed d\u1ee5ng tr\u00ean b\u00e3i c\u1ecf, l\u00fd t\u01b0\u1edfng cho c\u00e1c c\u00f4ng ty b\u1ea5t \u0111\u1ed9ng s\u1ea3n ho\u1eb7c b\u00e3i c\u1ecf, l\u00e0 in b\u1ea3ng b\u00e1o c\u1ee7a b\u1ea1n tr\u00ean nh\u1ef1a c\u1ee9ng s\u00f3ng ch\u1ed1ng ch\u1ecbu th\u1eddi ti\u1ebft. Ch\u1ecdn in m\u1ed9t m\u1eb7t ho\u1eb7c hai m\u1eb7t \u0111\u1ec3 c\u00f3 t\u00e1c \u0111\u1ed9ng t\u1ed1i \u0111a v\u1edbi c\u00e1c t\u00f9y ch\u1ecdn k\u00edch th\u01b0\u1edbc 12&#8243; x 18&#8243; v\u00e0 18&#8243; x 24&#8243;. Nh\u1eefng b\u1ea3ng b\u00e1o n\u00e0y \u0111i k\u00e8m v\u1edbi c\u1ecdc ch\u1eef H b\u1eb1ng d\u00e2y \u0111\u1ec3 d\u1ec5 d\u00e0ng tr\u01b0ng b\u00e0y.<\/p>\n<p>Ch\u00fang t\u00f4i khuy\u00ean b\u1ea1n n\u00ean gh\u00e9p b\u1ea3ng b\u00e1o nh\u1ef1a s\u00f3ng v\u1edbi khung ch\u1eef H b\u1eb1ng kim lo\u1ea1i cho c\u00e1c b\u1ea3ng b\u00e1o s\u00e2n ngo\u00e0i tr\u1eddi l\u1edbn h\u01a1n c\u00f3 th\u1ec3 ch\u1ecbu \u0111\u01b0\u1ee3c gi\u00f3 m\u1ea1nh v\u00e0 \u0111i\u1ec1u ki\u1ec7n giao th\u00f4ng. C\u00f3 s\u1eb5n \u1edf c\u00e1c k\u00edch th\u01b0\u1edbc 24&#8243; x 36&#8243; v\u00e0 36&#8243; x 48&#8243;. \u0110\u01b0\u1ee3c in \u0111\u1ea7y \u0111\u1ee7 m\u00e0u s\u1eafc tr\u00ean m\u1ed9t ho\u1eb7c hai m\u1eb7t, ch\u00fang ch\u1eafc ch\u1eafn s\u1ebd thu h\u00fat s\u1ef1 ch\u00fa \u00fd c\u1ee7a ng\u01b0\u1eddi qua \u0111\u01b0\u1eddng. \u0110\u1ec3 kh\u00e1m ph\u00e1 t\u00f9y ch\u1ecdn n\u00e0y, h\u00e3y t\u1ea3i t\u1ec7p c\u1ee7a b\u1ea1n l\u00ean v\u00e0 ch\u1ecdn khung ch\u1eef H s\u00f3ng trong m\u1ee5c &#8220;Lo\u1ea1i b\u1ea3ng b\u00e1o s\u00e2n&#8221;.<\/p>\n<p>Ch\u00fang t\u00f4i \u0111\u1ec1 xu\u1ea5t in tr\u00ean b\u1ea3ng b\u00e1o kim lo\u1ea1i nh\u00f4m trong khung ch\u1eef H b\u1eb1ng kim lo\u1ea1i \u0111\u1ec3 c\u00f3 t\u00f9y ch\u1ecdn b\u1ec1n b\u1ec9, ch\u1ed1ng ch\u1ecbu th\u1eddi ti\u1ebft. FedEx Office cung c\u1ea5p b\u1ea3ng b\u00e1o kim lo\u1ea1i t\u00f9y ch\u1ec9nh \u0111\u01b0\u1ee3c in b\u1eb1ng m\u1ef1c UV v\u00e0 l\u1edbp ho\u00e0n thi\u1ec7n m\u1edd c\u00f3 th\u1ec3 t\u1ed3n t\u1ea1i t\u1edbi n\u0103m n\u0103m ngo\u00e0i tr\u1eddi. V\u1edbi k\u00edch th\u01b0\u1edbc 18&#8243; x 24&#8243; v\u00e0 \u0111\u01b0\u1ee3c in \u0111\u1ea7y \u0111\u1ee7 m\u00e0u s\u1eafc \u1edf m\u1ed9t ho\u1eb7c hai m\u1eb7t, ch\u00fang l\u00fd t\u01b0\u1edfng \u0111\u1ec3 s\u1eed d\u1ee5ng ngo\u00e0i tr\u1eddi l\u00e2u d\u00e0i. \u0110\u1ec3 t\u00ecm t\u00f9y ch\u1ecdn n\u00e0y, h\u00e3y t\u1ea3i t\u1ec7p c\u1ee7a b\u1ea1n l\u00ean v\u00e0 ch\u1ecdn khung ch\u1eef H b\u1eb1ng nh\u00f4m trong &#8220;Lo\u1ea1i b\u1ea3ng b\u00e1o s\u00e2n&#8221;.<\/p>\n<p>\u0110\u1eb7t h\u00e0ng ngay v\u00e0 truy\u1ec1n t\u1ea3i th\u00f4ng \u0111i\u1ec7p c\u1ee7a b\u1ea1n v\u1edbi b\u1ea3ng b\u00e1o s\u00e2n ph\u1ea9m ch\u1ea5t cao c\u1ee7a ch\u00fang t\u00f4i![\/vc_column_text][\/vc_column][vc_column width=&#8221;1\/3&#8243;][\/vc_column][\/vc_row]<\/p>\n<\/div>","protected":false},"excerpt":{"rendered":"<p>B\u1ea3ng b\u00e1o s\u00e2n t\u00f9y ch\u1ec9nh r\u1ea5t ph\u00f9 h\u1ee3p \u0111\u1ec3 nh\u1eafn tin b\u1ea5t \u0111\u1ed9ng s\u1ea3n, qu\u1ea3ng c\u00e1o doanh nghi\u1ec7p ho\u1eb7c cung c\u1ea5p ch\u1ec9 \u0111\u01b0\u1eddng. Ch\u1ecdn in m\u1ed9t m\u1eb7t ho\u1eb7c hai m\u1eb7t tr\u00ean nhi\u1ec1u v\u1eadt li\u1ec7u kh\u00e1c nhau v\u1edbi nhi\u1ec1u t\u00f9y ch\u1ecdn hi\u1ec3n th\u1ecb.<\/p>\n","protected":false},"featured_media":4553,"template":"","meta":[],"product_brand":[],"product_cat":[83],"product_tag":[],"class_list":{"0":"post-4410","1":"product","2":"type-product","3":"status-publish","4":"has-post-thumbnail","6":"product_cat-bieu-ngu-bang-bao-va-ap-phich","8":"first","9":"instock","10":"shipping-taxable","11":"purchasable","12":"product-type-variable","13":"has-default-attributes"},"_links":{"self":[{"href":"https:\/\/trethietke.com\/vi\/wp-json\/wp\/v2\/product\/4410","targetHints":{"allow":["GET"]}}],"collection":[{"href":"https:\/\/trethietke.com\/vi\/wp-json\/wp\/v2\/product"}],"about":[{"href":"https:\/\/trethietke.com\/vi\/wp-json\/wp\/v2\/types\/product"}],"wp:featuredmedia":[{"embeddable":true,"href":"https:\/\/trethietke.com\/vi\/wp-json\/wp\/v2\/media\/4553"}],"wp:attachment":[{"href":"https:\/\/trethietke.com\/vi\/wp-json\/wp\/v2\/media?parent=4410"}],"wp:term":[{"taxonomy":"product_brand","embeddable":true,"href":"https:\/\/trethietke.com\/vi\/wp-json\/wp\/v2\/product_brand?post=4410"},{"taxonomy":"product_cat","embeddable":true,"href":"https:\/\/trethietke.com\/vi\/wp-json\/wp\/v2\/product_cat?post=4410"},{"taxonomy":"product_tag","embeddable":true,"href":"https:\/\/trethietke.com\/vi\/wp-json\/wp\/v2\/product_tag?post=4410"}],"curies":[{"name":"wp","href":"https:\/\/api.w.org\/{rel}","templated":true}]}}